{"id":4647,"date":"2024-09-13T21:31:37","date_gmt":"2024-09-13T21:31:37","guid":{"rendered":"https:\/\/lacasalatina.de\/?page_id=4647"},"modified":"2024-09-14T12:27:25","modified_gmt":"2024-09-14T12:27:25","slug":"impressum","status":"publish","type":"page","link":"https:\/\/lacasalatina.de\/es\/impressum\/","title":{"rendered":"Aviso Legal"},"content":{"rendered":"<div class=\"wp-block-uagb-advanced-heading uagb-block-ddf3f23f\"><h2 class=\"uagb-heading-text\">Aviso Legal<\/h2><\/div>\n\n\n\n<p><strong>Aviso Legal<\/strong><\/p>\n\n\n\n<p><strong>La Casa Latina e.V.<\/strong><br>Hausdorffstr. 235<br>53129 Bonn<br>Alemania<\/p>\n\n\n\n<p>Representado por la Junta Directiva:<br>Juan Montoya<br>Stefanie Knoth<\/p>\n\n\n\n<p>Contacto:<br>Tel\u00e9fono: 015778386306<br>E-Mail: contact@lacasalatina.de<br>Sitio Web: www.lacasalatina.de<\/p>\n\n\n\n<p><strong>Registro de la asociaci\u00f3n:<\/strong><br>Inscrito en el registro de asociaciones.<br>Tribunal de registro:<br>N\u00famero de registro:<\/p>\n\n\n\n<p><strong>Responsable del contenido seg\u00fan el \u00a7 18 Abs. 2 MStV:<\/strong><br>Juan Montoya<\/p>\n\n\n\n<p><strong>Descargo de responsabilidad (Disclaimer):<\/strong><\/p>\n\n\n\n<p class=\" translation-block\"><strong>Responsabilidad por contenidos<\/strong><br>Como proveedores de servicios, somos responsables de nuestros propios contenidos en estas p\u00e1ginas de acuerdo con el \u00a7 7 p\u00e1rrafo 1 de la Ley Alemana de Servicios de Telecomunicaci\u00f3n (TMG) y las leyes generales. No obstante, seg\u00fan los \u00a7\u00a7 8 a 10 de la TMG, no estamos obligados a supervisar la informaci\u00f3n transmitida o almacenada por terceros ni a investigar circunstancias que indiquen actividades ilegales. Las obligaciones de eliminar o bloquear el uso de informaci\u00f3n de acuerdo con las leyes generales permanecen inalteradas. Sin embargo, la responsabilidad en este sentido solo es posible a partir del momento en que se tiene conocimiento de una infracci\u00f3n concreta. Tan pronto como tengamos conocimiento de infracciones legales, eliminaremos esos contenidos de inmediato.<\/p>\n\n\n\n<p><strong>Responsabilidad por enlaces<\/strong><br>Nuestra oferta contiene enlaces a sitios web externos de terceros sobre los que no tenemos control. Por lo tanto, no podemos asumir ninguna responsabilidad por esos contenidos externos. Los respectivos proveedores o administradores de esos sitios web son siempre responsables de sus propios contenidos. Los sitios vinculados fueron revisados en busca de posibles violaciones legales en el momento de la vinculaci\u00f3n. No se detectaron contenidos ilegales en el momento de la vinculaci\u00f3n. Sin embargo, un control permanente de los contenidos de las p\u00e1ginas enlazadas no es razonable sin indicios concretos de una infracci\u00f3n. Si tenemos conocimiento de infracciones legales, eliminaremos dichos enlaces de inmediato.<\/p>\n\n\n\n<p><strong>Derechos de autor<\/strong><br>Los contenidos y obras creados por los operadores del sitio en estas p\u00e1ginas est\u00e1n sujetos a la ley de derechos de autor alemana. La reproducci\u00f3n, edici\u00f3n, distribuci\u00f3n y cualquier tipo de uso fuera de los l\u00edmites del derecho de autor requieren el consentimiento por escrito del autor o creador respectivo. Las descargas y copias de este sitio solo est\u00e1n permitidas para uso privado, no comercial. En la medida en que los contenidos de este sitio no hayan sido creados por el operador, se respetan los derechos de autor de terceros. En particular, los contenidos de terceros se marcan como tales. Si aun as\u00ed tuviera conocimiento de una infracci\u00f3n de derechos de autor, le solicitamos que nos lo notifique. Si tenemos conocimiento de infracciones legales, eliminaremos tales contenidos de inmediato.<\/p>","protected":false},"excerpt":{"rendered":"<p>Impressum Impressum La Casa Latina e.V.Hausdorffstr. 23553129 BonnDeutschland Vertreten durch den Vorstand:Juan MontoyaStefanie Knoth Kontakt:Telefon: 015778386306E-Mail: contact@lacasalatina.deWebsite: www.lacasalatina.de Registereintrag:Eingetragen im Vereinsregister.Registergericht: [Name des Amtsgerichts]Registernummer: [Vereinsregisternummer] Verantwortlich f\u00fcr den Inhalt nach [&hellip;]<\/p>","protected":false},"author":1,"featured_media":0,"parent":0,"menu_order":0,"comment_status":"closed","ping_status":"closed","template":"","meta":{"_uag_custom_page_level_css":"","site-sidebar-layout":"default","site-content-layout":"","ast-site-content-layout":"default","site-content-style":"default","site-sidebar-style":"default","ast-global-header-display":"","ast-banner-title-visibility":"","ast-main-header-display":"","ast-hfb-above-header-display":"","ast-hfb-below-header-display":"","ast-hfb-mobile-header-display":"","site-post-title":"disabled","ast-breadcrumbs-content":"","ast-featured-img":"","footer-sml-layout":"","theme-transparent-header-meta":"","adv-header-id-meta":"","stick-header-meta":"","header-above-stick-meta":"","header-main-stick-meta":"","header-below-stick-meta":"","astra-migrate-meta-layouts":"set","ast-page-background-enabled":"default","ast-page-background-meta":{"desktop":{"background-color":"","background-image":"","background-repeat":"repeat","background-position":"center center","background-size":"auto","background-attachment":"scroll","background-type":"","background-media":"","overlay-type":"","overlay-color":"","overlay-opacity":"","overlay-gradient":""},"tablet":{"background-color":"","background-image":"","background-repeat":"repeat","background-position":"center center","background-size":"auto","background-attachment":"scroll","background-type":"","background-media":"","overlay-type":"","overlay-color":"","overlay-opacity":"","overlay-gradient":""},"mobile":{"background-color":"","background-image":"","background-repeat":"repeat","background-position":"center center","background-size":"auto","background-attachment":"scroll","background-type":"","background-media":"","overlay-type":"","overlay-color":"","overlay-opacity":"","overlay-gradient":""}},"ast-content-background-meta":{"desktop":{"background-color":"var(--ast-global-color-5)","background-image":"","background-repeat":"repeat","background-position":"center center","background-size":"auto","background-attachment":"scroll","background-type":"","background-media":"","overlay-type":"","overlay-color":"","overlay-opacity":"","overlay-gradient":""},"tablet":{"background-color":"var(--ast-global-color-5)","background-image":"","background-repeat":"repeat","background-position":"center center","background-size":"auto","background-attachment":"scroll","background-type":"","background-media":"","overlay-type":"","overlay-color":"","overlay-opacity":"","overlay-gradient":""},"mobile":{"background-color":"var(--ast-global-color-5)","background-image":"","background-repeat":"repeat","background-position":"center center","background-size":"auto","background-attachment":"scroll","background-type":"","background-media":"","overlay-type":"","overlay-color":"","overlay-opacity":"","overlay-gradient":""}},"footnotes":""},"class_list":["post-4647","page","type-page","status-publish","hentry"],"aioseo_notices":[],"uagb_featured_image_src":{"full":false,"thumbnail":false,"medium":false,"medium_large":false,"large":false,"1536x1536":false,"2048x2048":false,"trp-custom-language-flag":false},"uagb_author_info":{"display_name":"LaCasaLatina","author_link":"https:\/\/lacasalatina.de\/es\/author\/proyecto-casa-latinagmail-com\/"},"uagb_comment_info":0,"uagb_excerpt":"Impressum Impressum La Casa Latina e.V.Hausdorffstr. 23553129 BonnDeutschland Vertreten durch den Vorstand:Juan MontoyaStefanie Knoth Kontakt:Telefon: 015778386306E-Mail: contact@lacasalatina.deWebsite: www.lacasalatina.de Registereintrag:Eingetragen im Vereinsregister.Registergericht: [Name des Amtsgerichts]Registernummer: [Vereinsregisternummer] Verantwortlich f\u00fcr den Inhalt nach [&hellip;]","_links":{"self":[{"href":"https:\/\/lacasalatina.de\/es\/wp-json\/wp\/v2\/pages\/4647"}],"collection":[{"href":"https:\/\/lacasalatina.de\/es\/wp-json\/wp\/v2\/pages"}],"about":[{"href":"https:\/\/lacasalatina.de\/es\/wp-json\/wp\/v2\/types\/page"}],"author":[{"embeddable":true,"href":"https:\/\/lacasalatina.de\/es\/wp-json\/wp\/v2\/users\/1"}],"replies":[{"embeddable":true,"href":"https:\/\/lacasalatina.de\/es\/wp-json\/wp\/v2\/comments?post=4647"}],"version-history":[{"count":3,"href":"https:\/\/lacasalatina.de\/es\/wp-json\/wp\/v2\/pages\/4647\/revisions"}],"predecessor-version":[{"id":4653,"href":"https:\/\/lacasalatina.de\/es\/wp-json\/wp\/v2\/pages\/4647\/revisions\/4653"}],"wp:attachment":[{"href":"https:\/\/lacasalatina.de\/es\/wp-json\/wp\/v2\/media?parent=4647"}],"curies":[{"name":"wp","href":"https:\/\/api.w.org\/{rel}","templated":true}]}}