{"id":4600,"date":"2024-09-13T18:52:56","date_gmt":"2024-09-13T18:52:56","guid":{"rendered":"https:\/\/lacasalatina.de\/?page_id=4600"},"modified":"2024-09-13T21:13:34","modified_gmt":"2024-09-13T21:13:34","slug":"projekte","status":"publish","type":"page","link":"https:\/\/lacasalatina.de\/es\/projekte\/","title":{"rendered":"Proyectos"},"content":{"rendered":"<div class=\"wp-block-uagb-advanced-heading uagb-block-8473b572\"><h2 class=\"uagb-heading-text\">Proyectos<\/h2><div class=\"uagb-separator\"><\/div><\/div>\n\n\n\n<p>Ningun proyecto activo.<\/p>\n\n\n\n<div class=\"wp-block-uagb-container uagb-block-c6f08a29 alignfull uagb-is-root-container\"><div class=\"uagb-container__shape uagb-container__shape-bottom uagb-container__shape-flip uagb-container__invert\" data-negative=\"false\"><svg xmlns=\"https:\/\/www.w3.org\/2000\/svg\" viewbox=\"0 0 1000 100\" preserveaspectratio=\"none\"><path class=\"uagb-container__shape-fill\" d=\"M0,6V0h1000v100L0,6z\"><\/path><\/svg><\/div><div class=\"uagb-container-inner-blocks-wrap\">\n<div class=\"wp-block-uagb-container uagb-block-b1715343\">\n<div class=\"wp-block-uagb-advanced-heading uagb-block-0fe1fd7a\"><h4 class=\"uagb-heading-text\">Tienes un proyecto interessante?<\/h4><div class=\"uagb-separator\"><\/div><\/div>\n\n\n\n<p>Estamos contentos de apoyar proyectos que se alineen con nuestros valores. Ejemplos incluyen<\/p>\n\n\n\n<ul class=\"wp-block-list\">\n<li><strong>Diversidad<\/strong>: Concienciaci\u00f3n sobre reg\u00edmenes corruptos<\/li>\n\n\n\n<li><strong>Sostenibilidad<\/strong>: Paneles solares para comunidades desfavorecidas en \u00e1reas rurales<\/li>\n\n\n\n<li><strong>Desarrollo Personal<\/strong>Ayudar a peque\u00f1os agricultores a vender sus productos directamente en Europa<\/li>\n<\/ul>\n\n\n\n<p>Un proyecto puede, por supuesto, abarcar m\u00faltiples \u00e1reas. Simplemente ponte en contacto con nosotros y veremos c\u00f3mo podemos apoyar tu idea.<\/p>\n\n\n\n<div class=\"wp-block-buttons is-layout-flex wp-block-buttons-is-layout-flex\">\n<div class=\"wp-block-button\"><a class=\"wp-block-button__link wp-element-button\">Contacta-Nos<\/a><\/div>\n<\/div>\n<\/div>\n\n\n\n<div class=\"wp-block-uagb-container uagb-block-9a26b898\"><\/div>\n<\/div><\/div>\n\n\n\n<p><\/p>","protected":false},"excerpt":{"rendered":"<p>Projekte Kein Projekt aktiv. Du hast ein interessantes Projekt? Wir unterst\u00fctzen gerne Projekte, die zu unseren Werten passen. Beispiele w\u00e4ren Ein Projekt kann nat\u00fcrlich auch in mehrere Bereiche fallen. Melde [&hellip;]<\/p>","protected":false},"author":1,"featured_media":0,"parent":0,"menu_order":0,"comment_status":"closed","ping_status":"closed","template":"","meta":{"_uag_custom_page_level_css":"","site-sidebar-layout":"default","site-content-layout":"","ast-site-content-layout":"default","site-content-style":"default","site-sidebar-style":"default","ast-global-header-display":"","ast-banner-title-visibility":"","ast-main-header-display":"","ast-hfb-above-header-display":"","ast-hfb-below-header-display":"","ast-hfb-mobile-header-display":"","site-post-title":"disabled","ast-breadcrumbs-content":"","ast-featured-img":"","footer-sml-layout":"","theme-transparent-header-meta":"","adv-header-id-meta":"","stick-header-meta":"","header-above-stick-meta":"","header-main-stick-meta":"","header-below-stick-meta":"","astra-migrate-meta-layouts":"set","ast-page-background-enabled":"default","ast-page-background-meta":{"desktop":{"background-color":"","background-image":"","background-repeat":"repeat","background-position":"center center","background-size":"auto","background-attachment":"scroll","background-type":"","background-media":"","overlay-type":"","overlay-color":"","overlay-opacity":"","overlay-gradient":""},"tablet":{"background-color":"","background-image":"","background-repeat":"repeat","background-position":"center center","background-size":"auto","background-attachment":"scroll","background-type":"","background-media":"","overlay-type":"","overlay-color":"","overlay-opacity":"","overlay-gradient":""},"mobile":{"background-color":"","background-image":"","background-repeat":"repeat","background-position":"center center","background-size":"auto","background-attachment":"scroll","background-type":"","background-media":"","overlay-type":"","overlay-color":"","overlay-opacity":"","overlay-gradient":""}},"ast-content-background-meta":{"desktop":{"background-color":"var(--ast-global-color-5)","background-image":"","background-repeat":"repeat","background-position":"center center","background-size":"auto","background-attachment":"scroll","background-type":"","background-media":"","overlay-type":"","overlay-color":"","overlay-opacity":"","overlay-gradient":""},"tablet":{"background-color":"var(--ast-global-color-5)","background-image":"","background-repeat":"repeat","background-position":"center center","background-size":"auto","background-attachment":"scroll","background-type":"","background-media":"","overlay-type":"","overlay-color":"","overlay-opacity":"","overlay-gradient":""},"mobile":{"background-color":"var(--ast-global-color-5)","background-image":"","background-repeat":"repeat","background-position":"center center","background-size":"auto","background-attachment":"scroll","background-type":"","background-media":"","overlay-type":"","overlay-color":"","overlay-opacity":"","overlay-gradient":""}},"footnotes":""},"class_list":["post-4600","page","type-page","status-publish","hentry"],"aioseo_notices":[],"uagb_featured_image_src":{"full":false,"thumbnail":false,"medium":false,"medium_large":false,"large":false,"1536x1536":false,"2048x2048":false,"trp-custom-language-flag":false},"uagb_author_info":{"display_name":"LaCasaLatina","author_link":"https:\/\/lacasalatina.de\/es\/author\/proyecto-casa-latinagmail-com\/"},"uagb_comment_info":0,"uagb_excerpt":"Projekte Kein Projekt aktiv. Du hast ein interessantes Projekt? Wir unterst\u00fctzen gerne Projekte, die zu unseren Werten passen. Beispiele w\u00e4ren Ein Projekt kann nat\u00fcrlich auch in mehrere Bereiche fallen. Melde [&hellip;]","_links":{"self":[{"href":"https:\/\/lacasalatina.de\/es\/wp-json\/wp\/v2\/pages\/4600"}],"collection":[{"href":"https:\/\/lacasalatina.de\/es\/wp-json\/wp\/v2\/pages"}],"about":[{"href":"https:\/\/lacasalatina.de\/es\/wp-json\/wp\/v2\/types\/page"}],"author":[{"embeddable":true,"href":"https:\/\/lacasalatina.de\/es\/wp-json\/wp\/v2\/users\/1"}],"replies":[{"embeddable":true,"href":"https:\/\/lacasalatina.de\/es\/wp-json\/wp\/v2\/comments?post=4600"}],"version-history":[{"count":19,"href":"https:\/\/lacasalatina.de\/es\/wp-json\/wp\/v2\/pages\/4600\/revisions"}],"predecessor-version":[{"id":4646,"href":"https:\/\/lacasalatina.de\/es\/wp-json\/wp\/v2\/pages\/4600\/revisions\/4646"}],"wp:attachment":[{"href":"https:\/\/lacasalatina.de\/es\/wp-json\/wp\/v2\/media?parent=4600"}],"curies":[{"name":"wp","href":"https:\/\/api.w.org\/{rel}","templated":true}]}}